{"id":3293,"date":"2023-09-21T10:32:38","date_gmt":"2023-09-21T08:32:38","guid":{"rendered":"https:\/\/www.vitagroup.ag\/privacy\/hinweise-zur-datenverarbeitung\/"},"modified":"2023-10-02T10:54:07","modified_gmt":"2023-10-02T08:54:07","slug":"data-processing-notes","status":"publish","type":"page","link":"https:\/\/www.vitagroup.ag\/en\/privacy\/data-processing-notes\/","title":{"rendered":"Data processing notes"},"content":{"rendered":"<div class=\"wpb-content-wrapper\"><p>[vc_section full_width=&#8221;stretch_row&#8221; el_id=&#8221;seitenbeginn&#8221; el_class=&#8221;lichtgrau&#8221;][vc_row full_width=&#8221;stretch_row&#8221; el_class=&#8221;seitentitel no-image&#8221; css=&#8221;.vc_custom_1690804643930{background-color: #ffffff !important;}&#8221;][vc_column][vc_column_text el_class=&#8221;top-title&#8221;]Legal\u00a0 \/\u00a0 Privacy\u00a0 \/\u00a0 \u00a0Data processing notes[\/vc_column_text][vc_column_text el_class=&#8221;headline-xl&#8221;]<\/p>\n<h1>Data processing notes<\/h1>\n<p>[\/vc_column_text][\/vc_column][\/vc_row][\/vc_section][vc_section full_width=&#8221;stretch_row&#8221; el_class=&#8221;lichtgrau&#8221;][vc_row el_class=&#8221;row-one-col&#8221; el_id=&#8221;datenschutz&#8221;][vc_column][vc_column_text]Mit den folgenden Informationen m\u00f6chten wir Ihnen einen \u00dcberblick \u00fcber die Verarbeitung Ihrer personenbezogenen Daten durch uns und Ihre diesbez\u00fcglichen Rechte geben. Die Informationen gelten f\u00fcr alle Unternehmen der vitagroup-Unternehmensgruppe, mit denen Sie gegebenenfalls in Kontakt treten:<\/p>\n<ul>\n<li>vitagroup AG<\/li>\n<li>vitaphone GmbH<\/li>\n<li>vitasystems GmbH<\/li>\n<li>vitaservices GmbH &amp; Co. KG<\/li>\n<li>vitagroup health intelligence GmbH (ehem. symeda GmbH)<\/li>\n<li>vitagroup corporate service GmbH<\/li>\n<\/ul>\n<p>Diese Hinweise gelten f\u00fcr personenbezogene Daten von Personen, mit denen wir Vertrags- oder Gesch\u00e4ftsbeziehungen eingehen, sowie f\u00fcr personenbezogene Daten von Organen, Gesch\u00e4ftsf\u00fchrern, Key Account Managern oder anderen Mitarbeitern unserer Vertrags- oder Gesch\u00e4ftspartner, die wir im Rahmen von bestehenden oder sich anbahnenden Vertrags- und Gesch\u00e4ftsbeziehungen verarbeiten. Hierzu geh\u00f6ren u.a. bestehende oder potenzielle Zulieferer, Dienstleister, Kunden oder Berater sowie bestehende oder potenzielle Kooperationspartner oder anderweitige Partnerunternehmen.<\/p>\n<p>Name und Kontaktdaten des f\u00fcr die Verarbeitung Verantwortlichen. F\u00fcr die Datenverarbeitung verantwortlich ist das jeweilige Unternehmen der vitagroup-Unternehmensgruppe, mit dem Sie in Kontakt treten und dem Sie Ihre personenbezogenen Daten mitteilen:<\/p>\n<h4>vitagroup AG<\/h4>\n<p>Gottlieb-Daimler-Stra\u00dfe 8<br \/>\n68165 Mannheim<br \/>\nTelefon: +49 (0) 621 121 849-0<br \/>\nE-Mail:\u00a0<a href=\"mailto:info@vitagroup.ag\">info@vitagroup.ag<\/a><br \/>\nVorstand: Kamilo Kolarz<\/p>\n<h4>vitaphone GmbH<\/h4>\n<p>Gottlieb-Daimler-Stra\u00dfe 8<br \/>\n68165 Mannheim<br \/>\nTelefon: +49 (0) 621 40070-800<br \/>\nE-Mail:\u00a0<a href=\"mailto:info.vitaphone@vitagroup.ag\">info.vitaphone@vitagroup.ag<\/a><br \/>\nGesch\u00e4ftsf\u00fchrer: Kamilo Kolarz, Dr. Nils Hellrung<\/p>\n<h4>vitasystems GmbH<\/h4>\n<p>Gottlieb-Daimler-Stra\u00dfe 8<br \/>\n68165 Mannheim<br \/>\nTelefon: +49 (0) 621 121 849-0<br \/>\nE-Mail:\u00a0<a href=\"mailto:info.vitasystems@vitagroup.ag\">info.vitasystems@vitagroup.ag<\/a><br \/>\nGesch\u00e4ftsf\u00fchrer: Kamilo Kolarz, Dr. Nils Hellrung<\/p>\n<h4>vitaservices GmbH &amp; Co. KG<\/h4>\n<p>Stadlerstr. 14a<br \/>\n09126 Chemnitz<br \/>\nTelefon: +49 371 2730 301<br \/>\nE-Mail:\u00a0<a href=\"mailto:info.vitaservices@vitagroup.ag\">info.vitaservices@vitagroup.ag<\/a><br \/>\nGesch\u00e4ftsf\u00fchrer: Emek Altun<\/p>\n<h4>vitagroup health intelligence GmbH \u00a0(ehem. symeda GmbH)<\/h4>\n<p>Hamburger Str. 273b<br \/>\n38114 Braunschweig<br \/>\nTelefon: +49 531 70220160<br \/>\nE-Mail:\u00a0<a href=\"mailto:info.vhi@vitagroup.ag\">info.vhi@vitagroup.ag<\/a><br \/>\nGesch\u00e4ftsf\u00fchrer: Dr. Nils Hellrung<\/p>\n<h4>vitagroup corporate service GmbH<\/h4>\n<p>Gottlieb-Daimler-Stra\u00dfe 8<br \/>\n68165 Mannheim<br \/>\nTelefon: +49 (0) 621 121 849-0<br \/>\nE-Mail:\u00a0<a href=\"mailto:info@vitagroup.ag\">info@vitagroup.ag<\/a><br \/>\nGesch\u00e4ftsf\u00fchrer: Kamilo Kolarz, Dr. Nils Hellrung<\/p>\n<p>Kontaktdaten des betrieblichen Datenschutzbeauftragten<\/p>\n<p>Der Datenschutzbeauftragte des jeweiligen Verantwortlichen ist unter den oben genannten Anschriften, zu Hd. Der Datenschutzbeauftragte, beziehungsweise unter folgenden E-Mail-Adressen erreichbar:<\/p>\n<p>vitagroup AG<br \/>\n<a href=\"mailto:datenschutz@vitagroup.ag\">datenschutz@vitagroup.ag<\/a><\/p>\n<p>vitaphone GmbH<br \/>\n<a href=\"mailto:datenschutz@vitaphone.de\">datenschutz@vitaphone.de<\/a><\/p>\n<p>vitasystems GmbH<br \/>\n<a href=\"mailto:datenschutz@vitasystems.de\">datenschutz@vitasystems.de<\/a><\/p>\n<p>vitaservices GmbH &amp; Co. KG<br \/>\n<a href=\"mailto:datenschutz@vitaservices.de\">datenschutz@vitaservices.de<\/a><\/p>\n<p>vitagroup health intelligence GmbH (ehem. symeda GmbH)<br \/>\n<a href=\"mailto:datenschutz.vhi@vitagroup.ag\">datenschutz.vhi@vitagroup.ag<\/a><\/p>\n<p>vitagroup corporate service GmbH<br \/>\n<a href=\"mailto:datenschutz.vcs@vitagroup.ag\">datenschutz.vcs@vitagroup.ag<\/a><\/p>\n<h3>Quellen und Arten personenbezogener Daten<\/h3>\n<p>Wir verarbeiten in erster Linie solche personenbezogenen Daten, die uns die betroffenen Personen im Rahmen von Vertrags- und Gesch\u00e4ftsbeziehungen selbst zur Verf\u00fcgung stellen oder die wir von den jeweiligen Vertrags- und Gesch\u00e4ftspartnern erhalten (z.B. von Ihren Kollegen, mit denen wir bereits in Kontakt stehen), etwa im Rahmen der Bearbeitung einer Anfrage oder eines Auftrags. Zudem verarbeiten wir personenbezogene Daten, die wir aus \u00f6ffentlich zug\u00e4nglichen Quellen (wie z.B. Handelsregister, Presse, Internet) erheben oder von Dritten (z.B. Kreditauskunfteien, Gesch\u00e4ftspartner) erhalten. Auf eine Erhebung von personenbezogenen Daten aus Drittquellen werden wir gesondert hinweisen.<\/p>\n<p>Relevante personenbezogene Daten sind insbesondere Ihre Personalien sowie andere Kontaktdaten, wie etwa:<\/p>\n<ul>\n<li>Anrede<\/li>\n<li>Titel<\/li>\n<li>Vorname<\/li>\n<li>Nachname<\/li>\n<li>Firmenname<\/li>\n<li>Abteilung<\/li>\n<li>Position<\/li>\n<li>Vorgesetzter<\/li>\n<li>Anschrift<\/li>\n<li>E-Mail-Adresse<\/li>\n<li>Telefonnummer<\/li>\n<li>Mobiltelefon<\/li>\n<\/ul>\n<p>Dar\u00fcber hinaus k\u00f6nnen dies auch Vertrags- oder Auftragsdaten, Daten aus der Erf\u00fcllung unserer vertraglichen Verpflichtungen, Daten zu Ihrer Person (z.B. Gesch\u00e4ftsinteressen, Beruf, Branche, Aufgaben und Befugnisse) sowie andere mit den genannten Kategorien vergleichbare Daten sein.<\/p>\n<p>Der Umfang der zu einer Person verarbeiteten Daten variiert dabei je nachdem, in welcher Funktion die Person uns gegen\u00fcber auftritt, etwa welche Position sie bei dem jeweiligen Gesch\u00e4ftspartner hat.<\/p>\n<h3>Verarbeitungszwecke und Rechtsgrundlagen<\/h3>\n<p>Wir verarbeiten personenbezogene Daten zu folgenden Zwecken auf Basis folgender Rechtsgrundlagen:<\/p>\n<ul>\n<li>Die Datenverarbeitung erfolgt zur Durchf\u00fchrung von mit Ihnen oder Ihrem Besch\u00e4ftigungsunternehmen abgeschlossenen Vertr\u00e4gen oder zur Durchf\u00fchrung vorvertraglicher Ma\u00dfnahmen (Art. 6 Abs. 1 S. 1 lit. b DS-GVO); hierzu geh\u00f6ren insbesondere:Kauf- und Liefervertr\u00e4ge (z.B. Bearbeitung von Anfragen, Authentifizierung von Vertragspartnern, Vorbereitung und Unterzeichnung von Vertragsdokumenten, Durchf\u00fchrung von An- und Verk\u00e4ufen, Abrechnung und Abwicklung von Kaufpreiszahlungen);Dienstleistungs- und Werkvertr\u00e4ge sowie anderweitige Auftragsverh\u00e4ltnisse (z.B. Bearbeitung und Sichtung von entsprechenden Angeboten und Anfragen; Authentifizierung von Vertragspartnern, Vorbereitung und Unterzeichnung von Vertragsdokumenten, Abwicklung von Zahlungen; Versendung von Informationsschreiben);<\/li>\n<li>\u00a0Weitere Datenverarbeitungen erfolgen aufgrund gesetzlicher Vorgaben (Art. 6 Abs. 1 S. 1 lit. c DS-GVO), beispielsweise zur Erf\u00fcllung steuerrechtlicher und anderer gesetzlicher Kontroll- und Meldepflichten, sowie der Pr\u00fcfung durch Steuer- oder andere Beh\u00f6rden und zur Einhaltung von gesetzlichen Aufbewahrungsfristen;<\/li>\n<li>In Einzelf\u00e4llen verarbeiten wir Daten, weil Sie hierin ausdr\u00fccklich eingewilligt haben (Art. 6 Abs. 1 S. 1 lit. a DS-GVO), etwa in den Erhalt von Werbung per elektronischer Post und\/oder Telefon;<\/li>\n<li>Au\u00dferdem verarbeiten wir Ihre Daten zur Wahrung unserer berechtigten Interessen (Art. 6 Abs. 1 S. 1 lit. f DS-GVO), namentlich zu folgenden Zwecken:<br \/>\noptimale Kontaktbetreuung\/-beziehung, auch bez\u00fcglich der Mitarbeiter unserer Gesch\u00e4ftspartner;Optimierung unserer Gesch\u00e4ftsprozesse, wie z.B. durch F\u00fchren einer Kunden-, Lieferanten- oder Interessenten-Datenbank, auch im Rahmen eines \u201eCustomer Relationship Managements\u201c;Zentralisierung bzw. Auslagerung von Unternehmensfunktionen;Minderung von Ausfallrisiken in unseren Gesch\u00e4ftsprozessen durch Konsultation von Auskunfteien (wie z.B. Creditreform, B\u00fcrgel);Geltendmachung und Verteidigung rechtlicher Anspr\u00fcche;Marktforschungszwecke.<\/li>\n<\/ul>\n<h3>Empf\u00e4nger personenbezogener Daten<\/h3>\n<p>Unter Umst\u00e4nden erfolgt (\u00fcber die bereits zuvor genannten F\u00e4lle hinaus) eine Weitergabe Ihrer personenbezogenen Daten zu den oben genannten Zwecken; im Einzelnen:<\/p>\n<ul>\n<li>Wenn es zur Aufkl\u00e4rung oder Verfolgung rechtswidriger bzw. missbr\u00e4uchlicher Vorf\u00e4lle erforderlich ist, werden personenbezogene Daten an unsere rechtlichen Berater, die Strafverfolgungsbeh\u00f6rden sowie gegebenenfalls an gesch\u00e4digte Dritte weitergeleitet. Dies geschieht jedoch nur dann, wenn konkrete Anhaltspunkte f\u00fcr ein gesetzwidriges bzw. missbr\u00e4uchliches Verhalten vorliegen. Eine Weitergabe kann auch dann stattfinden, wenn dies der Durchsetzung von vertraglichen Regelungen zwischen uns und unseren Vertrags- und Gesch\u00e4ftspartnern dient.<\/li>\n<li>Wir sind zudem gesetzlich verpflichtet, auf Anfrage bestimmten \u00f6ffentlichen Stellen Auskunft zu erteilen. Dies sind vor allem Strafverfolgungsbeh\u00f6rden, Beh\u00f6rden, die bu\u00dfgeldbew\u00e4hrte Ordnungswidrigkeiten verfolgen und die Finanzbeh\u00f6rden.<\/li>\n<li>Sofern es f\u00fcr die Bearbeitung Ihrer Anfrage oder den Abschluss bzw. die Durchf\u00fchrung eines Vertrags- oder Gesch\u00e4ftsverh\u00e4ltnisses mit Ihnen erforderlich ist, sowie im Falle zentralisierter bzw. ausgelagerter Unternehmensfunktionen, k\u00f6nnen Ihre Daten f\u00fcr die Erf\u00fcllung der obengenannten Zwecke an mit uns verbundene Unternehmen, insbesondere an oben genannte Unternehmen der vitagroup-Unternehmensgruppe, weitergegeben werden. Detaillierte Informationen zur gemeinsamen Verarbeitung von Kundendaten innerhalb der vitagroup-Unternehmensgruppe finden Sie unten.<\/li>\n<li>Gelegentlich sind wir f\u00fcr die Erf\u00fcllung der in diesen Hinweisen zur Datenverarbeitung beschriebenen Zwecke bzw. zur Erbringung unserer Leistungen auf unter Umst\u00e4nden au\u00dferhalb der EU bzw. des EWR ans\u00e4ssige, vertraglich verbundene Fremdunternehmen oder anderweitige Kooperationspartner sowie externe Dienstleister angewiesen, beispielsweise Logistikunternehmen, IT-Dienstleister, Wirtschaftsberater und Finanzinstitute. In solchen F\u00e4llen werden Informationen an diese Unternehmen bzw. Einzelpersonen weitergegeben, um diesen die weitere Bearbeitung zu erm\u00f6glichen. Soweit es sich dabei um Stellen au\u00dferhalb der EU bzw. des EWR handelt, stellen wir ein angemessenes Datenschutzniveau, etwa durch den Abschluss entsprechender Vertr\u00e4ge mit dem Datenempf\u00e4nger, sicher.<\/li>\n<li>Im Rahmen der Weiterentwicklung unserer Gesch\u00e4ftst\u00e4tigkeiten kann es dazu kommen, dass sich die Struktur unseres Unternehmens wandelt, indem die Rechtsform ge\u00e4ndert wird, Tochtergesellschaften, Unternehmensteile oder -bestandteile gegr\u00fcndet, gekauft oder verkauft werden. Bei solchen Transaktionen werden die Kundeninformationen zusammen mit dem zu \u00fcbertragenden Teil des Unternehmens weitergegeben. Bei jeder Weitergabe von personenbezogenen Daten an Dritte in dem vorbeschriebenen Umfang tragen wir daf\u00fcr Sorge, dass dies in \u00dcbereinstimmung mit diesen Hinweisen zur Datenverarbeitung und den Datenschutzgesetzen erfolgt.<\/li>\n<\/ul>\n<h3>Gemeinsame Verarbeitung von Kundendaten innerhalb der vitagroup-Unternehmensgruppe<\/h3>\n<p>Das f\u00fcr die Verarbeitung Ihrer personenbezogenen Daten verantwortliche Unternehmen der vitagroup-Unternehmensgruppe (siehe oben) verarbeitet Ihre Kundendaten in einer gemeinsamen Kunden-Datenbank. Die in der Datenbank gespeicherten und verarbeiteten Daten umfassen in der Regel Vor- und Nachname, Anrede, Titel, Anschrift, Telefonnummer, Faxnummer, E-Mail-Adresse, berufliche Position bzw. -Funktion sowie weitere f\u00fcr die Vertragsdurchf\u00fchrung erforderliche oder von Ihnen freiwillig angegebene Daten.<\/p>\n<p>Rechtsgrundlage dieser gemeinsamen Datenverarbeitung ist unser berechtigtes Interesse, personenbezogene Kundendaten innerhalb der Unternehmensgruppe f\u00fcr interne Verwaltungszwecke zu \u00fcbermitteln und zu verarbeiten (vgl. Art. 6 Abs. 1 Satz 1 lit. f) DS-GVO i.V.m. Erwgr. 48 DS-GVO). Entgegenstehende Interessen Ihrerseits als Kunde bzw. als dessen Mitarbeiter sind nicht ersichtlich; vielmehr d\u00fcrften die geschilderten Interessen der Unternehmensgruppe, insb. die Gew\u00e4hrleistung einheitlicher Datenschutzstandards, auch in Ihrem Interesse liegen.<\/p>\n<p>Die datenschutzrechtlichen Verantwortlichkeiten und Zust\u00e4ndigkeiten sind in einem Vertrag nach Art. 26 DS-GVO zwischen den Unternehmen der vitagroup-Unternehmensgruppe geregelt.<\/p>\n<p>Wenn Sie als Kunde bzw. als dessen Mitarbeiter Ihre Betroffenenrechte geltend machen wollen, k\u00f6nnen Sie sich an jedes Unternehmen der vitagroup-Unternehmensgruppe (siehe oben) wenden.<\/p>\n<h3>Speicherdauer und L\u00f6schung der Daten<\/h3>\n<p>Die im Zusammenhang mit der Anfrage bzw. dem Vertragsverh\u00e4ltnis von uns erhobenen personenbezogenen Daten werden regelm\u00e4\u00dfig bis zur vollst\u00e4ndigen Abwicklung der Anfrage bzw. des Vertragsverh\u00e4ltnisses gespeichert und danach gel\u00f6scht, es sei denn, dass wir<\/p>\n<ul>\n<li>nach Art. 6 Abs. 1 S. 1 lit. c DS-GVO aufgrund von steuer- und handelsrechtlichen Aufbewahrungs- und Dokumentationspflichten (aus HGB, StGB oder AO \u2013 die Aufbewahrungsfristen betragen in der Regel 2 bis 10 Jahre) zu einer l\u00e4ngeren Speicherung verpflichtet, oder<\/li>\n<li>nach Art. 6 Abs. 1 S. 1 lit. f DS-GVO zur Erhaltung von Beweismitteln im Rahmen der gesetzlichen Verj\u00e4hrungsvorschriften (die Verj\u00e4hrungsfristen k\u00f6nnen hier maximal bis zu 30 Jahre betragen, wobei die regelm\u00e4\u00dfige Verj\u00e4hrungsfrist 3 Jahre betr\u00e4gt) zu einer l\u00e4ngeren Speicherung berechtigt sind, oder<\/li>\n<li>Sie in eine dar\u00fcberhinausgehende Speicherung nach Art. 6 Abs. 1 S. 1 lit. a DS-GVO eingewilligt haben.<\/li>\n<li>Bei den beschriebenen F\u00e4llen, in denen wir zu einer l\u00e4ngeren Speicherung verpflichtet oder berechtigt sind, werden die betroffenen Daten f\u00fcr die weitere Verarbeitung gesperrt<\/li>\n<\/ul>\n<h3>Betroffenenrechte<\/h3>\n<p>Sie haben das Recht: auf Auskunft nach Art. 15 DS-GVO; auf Berichtigung nach Art. 16 DS-GVO oder auf L\u00f6schung nach Art. 17 DS-GVO; auf Einschr\u00e4nkung der Verarbeitung nach Art. 18 DS-GVO; auf Widerspruch gegen die Verarbeitung nach Art. 21 DS-GVO; auf Daten\u00fcbertragbarkeit nach Art. 20 DS-GVO; sich bei einer zust\u00e4ndigen Aufsichtsbeh\u00f6rde zu beschweren, Art. 77 DS-GVO.<\/p>\n<h3>Pflicht zur Bereitstellung von Daten<\/h3>\n<p>Im Rahmen unserer vorvertraglichen oder vertraglichen Gesch\u00e4ftsbeziehung m\u00fcssen Sie diejenigen personenbezogenen Daten bereitstellen, die f\u00fcr die Aufnahme, Durchf\u00fchrung und Beendigung einer Gesch\u00e4ftsbeziehung und zur Erf\u00fcllung der damit verbundenen vertraglichen Pflichten erforderlich sind. Ohne diese Daten werden wir in der Regel nicht in der Lage sein, Ihre Anfrage zu bearbeiten bzw. einen Vertrag mit Ihnen zu schlie\u00dfen, diesen auszuf\u00fchren und zu beenden.<\/p>\n<h3>Keine automatisierte Entscheidungsfindung<\/h3>\n<p>Zur Begr\u00fcndung und Durchf\u00fchrung der Gesch\u00e4ftsbeziehung nutzen wir grunds\u00e4tzlich keine vollautomatisierte Entscheidungsfindung gem\u00e4\u00df Artikel 22 DS-GVO.<\/p>\n<h3>Widerspruchsrecht nach Art. 21 DS-GVO<\/h3>\n<p>Sofern Ihre personenbezogenen Daten auf Grundlage von berechtigten Interessen gem\u00e4\u00df Art. 6 Abs. 1 S. 1 lit. f DS-GVO verarbeitet werden, haben Sie das Recht, gem\u00e4\u00df Art. 21 DS-GVO Widerspruch gegen die Verarbeitung Ihrer personenbezogenen Daten einzulegen, soweit daf\u00fcr Gr\u00fcnde vorliegen, die sich aus Ihrer besonderen Situation ergeben. M\u00f6chten Sie von Ihrem Widerspruchsrecht Gebrauch machen, gen\u00fcgt eine E-Mail an die zu Beginn dieser Hinweise angegebene E-Mail-Adresse des verantwortlichen Unternehmens.<\/p>\n<h3>Stand und \u00c4nderung dieser Hinweise zur Datenverarbeitung<\/h3>\n<p>Stand dieser Hinweise zur Datenverarbeitung ist der 23.06.2022. Die Weiterentwicklung des Datenschutzes oder unseres Unternehmens kann sich auch auf den Umgang mit personenbezogenen Daten auswirken. Wir behalten uns deshalb vor, diese Hinweise zur Datenverarbeitung k\u00fcnftig im Rahmen der geltenden Datenschutzgesetze zu \u00e4ndern und gegebenenfalls an ge\u00e4nderte Datenverarbeitungsrealit\u00e4ten anzupassen. Auf wesentliche, inhaltliche \u00c4nderungen werden wir Sie hinweisen.[\/vc_column_text][\/vc_column][\/vc_row][\/vc_section]<\/p>\n<\/div>","protected":false},"excerpt":{"rendered":"<p>[vc_section full_width=&#8221;stretch_row&#8221; el_id=&#8221;seitenbeginn&#8221; el_class=&#8221;lichtgrau&#8221;][vc_row full_width=&#8221;stretch_row&#8221; el_class=&#8221;seitentitel no-image&#8221; css=&#8221;.vc_custom_1690804643930{background-color: #ffffff !important;}&#8221;][vc_column][vc_column_text el_class=&#8221;top-title&#8221;]Legal\u00a0 \/\u00a0 Privacy\u00a0 \/\u00a0 \u00a0Data processing notes[\/vc_column_text][vc_column_text el_class=&#8221;headline-xl&#8221;] Data processing notes [\/vc_column_text][\/vc_column][\/vc_row][\/vc_section][vc_section full_width=&#8221;stretch_row&#8221; el_class=&#8221;lichtgrau&#8221;][vc_row el_class=&#8221;row-one-col&#8221; el_id=&#8221;datenschutz&#8221;][vc_column][vc_column_text]Mit den folgenden Informationen m\u00f6chten&hellip;<\/p>\n","protected":false},"author":1,"featured_media":0,"parent":3077,"menu_order":0,"comment_status":"closed","ping_status":"closed","template":"","meta":{"footnotes":""},"class_list":["post-3293","page","type-page","status-publish","hentry","description-off"],"_links":{"self":[{"href":"https:\/\/www.vitagroup.ag\/en\/wp-json\/wp\/v2\/pages\/3293","targetHints":{"allow":["GET"]}}],"collection":[{"href":"https:\/\/www.vitagroup.ag\/en\/wp-json\/wp\/v2\/pages"}],"about":[{"href":"https:\/\/www.vitagroup.ag\/en\/wp-json\/wp\/v2\/types\/page"}],"author":[{"embeddable":true,"href":"https:\/\/www.vitagroup.ag\/en\/wp-json\/wp\/v2\/users\/1"}],"replies":[{"embeddable":true,"href":"https:\/\/www.vitagroup.ag\/en\/wp-json\/wp\/v2\/comments?post=3293"}],"version-history":[{"count":2,"href":"https:\/\/www.vitagroup.ag\/en\/wp-json\/wp\/v2\/pages\/3293\/revisions"}],"predecessor-version":[{"id":3295,"href":"https:\/\/www.vitagroup.ag\/en\/wp-json\/wp\/v2\/pages\/3293\/revisions\/3295"}],"up":[{"embeddable":true,"href":"https:\/\/www.vitagroup.ag\/en\/wp-json\/wp\/v2\/pages\/3077"}],"wp:attachment":[{"href":"https:\/\/www.vitagroup.ag\/en\/wp-json\/wp\/v2\/media?parent=3293"}],"curies":[{"name":"wp","href":"https:\/\/api.w.org\/{rel}","templated":true}]}}